{"id":55,"date":"2009-11-17T12:34:01","date_gmt":"2009-11-17T11:34:01","guid":{"rendered":"http:\/\/www.lanzloth.de\/digifoto_lanzloth\/?page_id=55"},"modified":"2010-08-13T22:09:41","modified_gmt":"2010-08-13T21:09:41","slug":"haftungsausschluss","status":"publish","type":"page","link":"http:\/\/www.lanzloth.de\/digifoto_lanzloth\/haftungsausschluss\/","title":{"rendered":"Haftungsausschluss"},"content":{"rendered":"<p>Haftungsausschluss:<\/p>\n<p>Trotz sorgf\u00e4ltiger inhaltlicher Kontrolle wird die Haftung f\u00fcr die Inhalte der externen Seiten ausgeschlossen. F\u00fcr den Inhalt dieser externen Seiten sind ausschlie\u00dflich deren Betreiber verantwortlich. <\/p>\n<p>Sollten Sie bei einer verkn\u00fcpften externen Seite auf illegale oder anst\u00f6\u00dfige Inhalte treffen, so bedauern wir dies ausdr\u00fccklich und bitte Sie, uns umgehend per Email davon in Kenntnis zu setzen, damit der Verweis gel\u00f6scht wird. <\/p>\n<p>Diese Erkl\u00e4rung erfolgt im Einklang mit dem Urteil vom 12. Mai 1998 des Landgerichtes Hamburg, dass man durch die Anbringung eines Verweises auf externe Seiten die Inhalte der verkn\u00fcpften Seite ggf. mit zu verantworten hat. Dies kann \u2013 so das LG \u2013 nur dadurch verhindert werden, dass man sich ausdr\u00fccklich von diesen Inhalten distanziert. <\/p>\n<p>Es ist m\u00f6glich, dass sich auf unseren Seiten unbeabsichtigte Fehler eingeschlichen haben. Wir bedauern dies und bitten Sie um eine kurze Mitteilung per Email, damit der Fehler berichtigt werden kann. Die Benutzung dieser Seite erfolgt auf eigene Gefahr! Es wird keine Haftung f\u00fcr Sch\u00e4den, die durch Anwendung der Informationen von dieser Internetpr\u00e4senz entstehen, \u00fcbernommen. Alle hier gemachten Angaben erfolgen nach bestem Wissen. Irrt\u00fcmer m\u00f6glich.<\/p>\n","protected":false},"excerpt":{"rendered":"<p>Haftungsausschluss: Trotz sorgf\u00e4ltiger inhaltlicher Kontrolle wird die Haftung f\u00fcr die Inhalte der externen Seiten ausgeschlossen. F\u00fcr den Inhalt dieser externen Seiten sind ausschlie\u00dflich deren Betreiber verantwortlich. Sollten Sie bei einer verkn\u00fcpften externen Seite auf illegale oder anst\u00f6\u00dfige Inhalte treffen, so bedauern wir dies ausdr\u00fccklich und bitte Sie, uns umgehend per Email davon in Kenntnis zu [&hellip;]<\/p>\n","protected":false},"author":4,"featured_media":0,"parent":0,"menu_order":5,"comment_status":"closed","ping_status":"closed","template":"","meta":{"site-sidebar-layout":"default","site-content-layout":"","ast-site-content-layout":"default","site-content-style":"default","site-sidebar-style":"default","ast-global-header-display":"","ast-banner-title-visibility":"","ast-main-header-display":"","ast-hfb-above-header-display":"","ast-hfb-below-header-display":"","ast-hfb-mobile-header-display":"","site-post-title":"","ast-breadcrumbs-content":"","ast-featured-img":"","footer-sml-layout":"","theme-transparent-header-meta":"","adv-header-id-meta":"","stick-header-meta":"","header-above-stick-meta":"","header-main-stick-meta":"","header-below-stick-meta":"","astra-migrate-meta-layouts":"default","ast-page-background-enabled":"default","ast-page-background-meta":{"desktop":{"background-color":"","background-image":"","background-repeat":"repeat","background-position":"center center","background-size":"auto","background-attachment":"scroll","background-type":"","background-media":"","overlay-type":"","overlay-color":"","overlay-opacity":"","overlay-gradient":""},"tablet":{"background-color":"","background-image":"","background-repeat":"repeat","background-position":"center center","background-size":"auto","background-attachment":"scroll","background-type":"","background-media":"","overlay-type":"","overlay-color":"","overlay-opacity":"","overlay-gradient":""},"mobile":{"background-color":"","background-image":"","background-repeat":"repeat","background-position":"center center","background-size":"auto","background-attachment":"scroll","background-type":"","background-media":"","overlay-type":"","overlay-color":"","overlay-opacity":"","overlay-gradient":""}},"ast-content-background-meta":{"desktop":{"background-color":"var(--ast-global-color-5)","background-image":"","background-repeat":"repeat","background-position":"center center","background-size":"auto","background-attachment":"scroll","background-type":"","background-media":"","overlay-type":"","overlay-color":"","overlay-opacity":"","overlay-gradient":""},"tablet":{"background-color":"var(--ast-global-color-5)","background-image":"","background-repeat":"repeat","background-position":"center center","background-size":"auto","background-attachment":"scroll","background-type":"","background-media":"","overlay-type":"","overlay-color":"","overlay-opacity":"","overlay-gradient":""},"mobile":{"background-color":"var(--ast-global-color-5)","background-image":"","background-repeat":"repeat","background-position":"center center","background-size":"auto","background-attachment":"scroll","background-type":"","background-media":"","overlay-type":"","overlay-color":"","overlay-opacity":"","overlay-gradient":""}},"footnotes":""},"class_list":["post-55","page","type-page","status-publish","hentry"],"_links":{"self":[{"href":"http:\/\/www.lanzloth.de\/digifoto_lanzloth\/wp-json\/wp\/v2\/pages\/55","targetHints":{"allow":["GET"]}}],"collection":[{"href":"http:\/\/www.lanzloth.de\/digifoto_lanzloth\/wp-json\/wp\/v2\/pages"}],"about":[{"href":"http:\/\/www.lanzloth.de\/digifoto_lanzloth\/wp-json\/wp\/v2\/types\/page"}],"author":[{"embeddable":true,"href":"http:\/\/www.lanzloth.de\/digifoto_lanzloth\/wp-json\/wp\/v2\/users\/4"}],"replies":[{"embeddable":true,"href":"http:\/\/www.lanzloth.de\/digifoto_lanzloth\/wp-json\/wp\/v2\/comments?post=55"}],"version-history":[{"count":3,"href":"http:\/\/www.lanzloth.de\/digifoto_lanzloth\/wp-json\/wp\/v2\/pages\/55\/revisions"}],"predecessor-version":[{"id":282,"href":"http:\/\/www.lanzloth.de\/digifoto_lanzloth\/wp-json\/wp\/v2\/pages\/55\/revisions\/282"}],"wp:attachment":[{"href":"http:\/\/www.lanzloth.de\/digifoto_lanzloth\/wp-json\/wp\/v2\/media?parent=55"}],"curies":[{"name":"wp","href":"https:\/\/api.w.org\/{rel}","templated":true}]}}