{"id":844,"date":"2019-04-07T13:20:31","date_gmt":"2019-04-07T11:20:31","guid":{"rendered":"http:\/\/www.lanzloth.de\/digifoto_lanzloth\/?page_id=844"},"modified":"2023-02-08T12:38:50","modified_gmt":"2023-02-08T11:38:50","slug":"home","status":"publish","type":"page","link":"http:\/\/www.lanzloth.de\/digifoto_lanzloth\/","title":{"rendered":"Home"},"content":{"rendered":"\t\t<div data-elementor-type=\"wp-post\" data-elementor-id=\"844\" class=\"elementor elementor-844\">\n\t\t\t\t\t\t<section class=\"elementor-section elementor-top-section elementor-element elementor-element-6057df91 elementor-section-full_width elementor-section-height-default elementor-section-height-default\" data-id=\"6057df91\" data-element_type=\"section\" data-settings=\"{&quot;background_background&quot;:&quot;video&quot;,&quot;background_video_link&quot;:&quot;https:\\\/\\\/www.youtube.com\\\/watch?v=Cr-gI3cT-NQ&quot;,&quot;background_video_end&quot;:70}\">\n\t\t\t\t\t\t\t\t<div class=\"elementor-background-video-container elementor-hidden-mobile\" aria-hidden=\"true\">\n\t\t\t\t\t\t\t\t\t\t\t\t\t<div class=\"elementor-background-video-embed\"><\/div>\n\t\t\t\t\t\t\t\t\t\t\t\t<\/div>\n\t\t\t\t\t\t\t\t\t<div class=\"elementor-background-overlay\"><\/div>\n\t\t\t\t\t\t\t<div class=\"elementor-container elementor-column-gap-default\">\n\t\t\t\t\t<div class=\"elementor-column elementor-col-100 elementor-top-column elementor-element elementor-element-090f275\" data-id=\"090f275\" data-element_type=\"column\">\n\t\t\t<div class=\"elementor-widget-wrap\">\n\t\t\t\t\t\t\t<\/div>\n\t\t<\/div>\n\t\t\t\t\t<\/div>\n\t\t<\/section>\n\t\t\t\t<section class=\"elementor-section elementor-top-section elementor-element elementor-element-3bd13bb elementor-section-content-middle elementor-section-boxed elementor-section-height-default elementor-section-height-default\" data-id=\"3bd13bb\" data-element_type=\"section\" data-settings=\"{&quot;background_background&quot;:&quot;classic&quot;}\">\n\t\t\t\t\t\t<div class=\"elementor-container elementor-column-gap-no\">\n\t\t\t\t\t<div class=\"elementor-column elementor-col-50 elementor-top-column elementor-element elementor-element-6b19c080\" data-id=\"6b19c080\" data-element_type=\"column\">\n\t\t\t<div class=\"elementor-widget-wrap elementor-element-populated\">\n\t\t\t\t\t\t<div class=\"elementor-element elementor-element-646a129f elementor-widget elementor-widget-image\" data-id=\"646a129f\" data-element_type=\"widget\" data-widget_type=\"image.default\">\n\t\t\t\t<div class=\"elementor-widget-container\">\n\t\t\t\t\t\t\t\t\t\t\t\t\t\t\t<img fetchpriority=\"high\" decoding=\"async\" width=\"542\" height=\"720\" src=\"http:\/\/www.lanzloth.de\/digifoto_lanzloth\/wp-content\/uploads\/2019\/04\/0017_Alex_10_01_2017_\u00a9AlexanderLanzloth.jpg\" class=\"attachment-medium_large size-medium_large wp-image-900\" alt=\"\" srcset=\"http:\/\/www.lanzloth.de\/digifoto_lanzloth\/wp-content\/uploads\/2019\/04\/0017_Alex_10_01_2017_\u00a9AlexanderLanzloth.jpg 542w, http:\/\/www.lanzloth.de\/digifoto_lanzloth\/wp-content\/uploads\/2019\/04\/0017_Alex_10_01_2017_\u00a9AlexanderLanzloth-226x300.jpg 226w\" sizes=\"(max-width: 542px) 100vw, 542px\" \/>\t\t\t\t\t\t\t\t\t\t\t\t\t\t\t<\/div>\n\t\t\t\t<\/div>\n\t\t\t\t\t<\/div>\n\t\t<\/div>\n\t\t\t\t<div class=\"elementor-column elementor-col-50 elementor-top-column elementor-element elementor-element-c1142e6\" data-id=\"c1142e6\" data-element_type=\"column\">\n\t\t\t<div class=\"elementor-widget-wrap elementor-element-populated\">\n\t\t\t\t\t\t<div class=\"elementor-element elementor-element-507c2efb elementor-view-default elementor-widget elementor-widget-icon\" data-id=\"507c2efb\" data-element_type=\"widget\" data-widget_type=\"icon.default\">\n\t\t\t\t<div class=\"elementor-widget-container\">\n\t\t\t\t\t\t\t<div class=\"elementor-icon-wrapper\">\n\t\t\t<div class=\"elementor-icon\">\n\t\t\t\t\t\t\t<i class=\"fa fa-quote-left\" aria-hidden=\"true\"><\/i>\n\t\t\t\t\t\t<\/div>\n\t\t<\/div>\n\t\t\t\t\t\t<\/div>\n\t\t\t\t<\/div>\n\t\t\t\t<div class=\"elementor-element elementor-element-9c6dddd elementor-widget elementor-widget-text-editor\" data-id=\"9c6dddd\" data-element_type=\"widget\" data-widget_type=\"text-editor.default\">\n\t\t\t\t<div class=\"elementor-widget-container\">\n\t\t\t\t\t\t\t\t\t<p>Ich begann meine fotografische Reise mit einer Analogkamera von Pentax, die eigentlich meiner Mutter geh\u00f6rte. Da sie sich jedoch damit nicht auskannte, \u00fcbernahm ich die Verantwortung und machte meine ersten Schritte in der Fotografie. Mit einer Sony Cybershot machte ich meine ersten digitalen Aufnahmen und sammelte wertvolle Erfahrungen. Nach einer Pause investierte ich in eine Nikon D60 und wechselte sp\u00e4ter zur Nikon D5100. Ich strebe st\u00e4ndig danach, das perfekte Foto mit meiner D610 digitalen Spiegelreflexkamera zu erzielen.<\/p>\t\t\t\t\t\t\t\t<\/div>\n\t\t\t\t<\/div>\n\t\t\t\t<div class=\"elementor-element elementor-element-4181d7f4 elementor-widget elementor-widget-heading\" data-id=\"4181d7f4\" data-element_type=\"widget\" data-widget_type=\"heading.default\">\n\t\t\t\t<div class=\"elementor-widget-container\">\n\t\t\t\t\t<h2 class=\"elementor-heading-title elementor-size-default\">Alexander Lanzloth<\/h2>\t\t\t\t<\/div>\n\t\t\t\t<\/div>\n\t\t\t\t<div class=\"elementor-element elementor-element-6bf1815a elementor-widget elementor-widget-heading\" data-id=\"6bf1815a\" data-element_type=\"widget\" data-widget_type=\"heading.default\">\n\t\t\t\t<div class=\"elementor-widget-container\">\n\t\t\t\t\t<h2 class=\"elementor-heading-title elementor-size-default\">Alle Rechte der vorliegenden Bilder dieser und der folgenden Seiten obliegen dem Fotografen und d\u00fcrfen ohne seine ausdr\u00fcckliche Einwilligung nicht gewerblich genutzt, vervielf\u00e4ltigt oder an Dritte weiter gegeben werden.<\/h2>\t\t\t\t<\/div>\n\t\t\t\t<\/div>\n\t\t\t\t\t<\/div>\n\t\t<\/div>\n\t\t\t\t\t<\/div>\n\t\t<\/section>\n\t\t\t\t<section class=\"elementor-section elementor-top-section elementor-element elementor-element-7bef35d4 elementor-section-full_width elementor-section-height-default elementor-section-height-default\" data-id=\"7bef35d4\" data-element_type=\"section\" data-settings=\"{&quot;background_background&quot;:&quot;classic&quot;}\">\n\t\t\t\t\t\t<div class=\"elementor-container elementor-column-gap-no\">\n\t\t\t\t\t<div class=\"elementor-column elementor-col-100 elementor-top-column elementor-element elementor-element-cf27a6f\" data-id=\"cf27a6f\" data-element_type=\"column\">\n\t\t\t<div class=\"elementor-widget-wrap elementor-element-populated\">\n\t\t\t\t\t\t<div class=\"elementor-element elementor-element-d799ac6 elementor-widget elementor-widget-google_maps\" data-id=\"d799ac6\" data-element_type=\"widget\" data-widget_type=\"google_maps.default\">\n\t\t\t\t<div class=\"elementor-widget-container\">\n\t\t\t\t\t\t\t<div class=\"elementor-custom-embed\">\n\t\t\t<iframe loading=\"lazy\"\n\t\t\t\t\tsrc=\"https:\/\/maps.google.com\/maps?q=Waiblingen%2C%20Bittenfeld%20&#038;t=m&#038;z=14&#038;output=embed&#038;iwloc=near\"\n\t\t\t\t\ttitle=\"Waiblingen, Bittenfeld \"\n\t\t\t\t\taria-label=\"Waiblingen, Bittenfeld \"\n\t\t\t><\/iframe>\n\t\t<\/div>\n\t\t\t\t\t\t<\/div>\n\t\t\t\t<\/div>\n\t\t\t\t<section class=\"elementor-section elementor-inner-section elementor-element elementor-element-32304d17 elementor-section-content-middle elementor-section-boxed elementor-section-height-default elementor-section-height-default\" data-id=\"32304d17\" data-element_type=\"section\">\n\t\t\t\t\t\t<div class=\"elementor-container elementor-column-gap-no\">\n\t\t\t\t\t<div class=\"elementor-column elementor-col-100 elementor-inner-column elementor-element elementor-element-e61f541\" data-id=\"e61f541\" data-element_type=\"column\">\n\t\t\t<div class=\"elementor-widget-wrap\">\n\t\t\t\t\t\t\t<\/div>\n\t\t<\/div>\n\t\t\t\t\t<\/div>\n\t\t<\/section>\n\t\t\t\t<div class=\"elementor-element elementor-element-5e54147d elementor-shape-rounded elementor-grid-0 e-grid-align-center elementor-widget elementor-widget-social-icons\" data-id=\"5e54147d\" data-element_type=\"widget\" data-widget_type=\"social-icons.default\">\n\t\t\t\t<div class=\"elementor-widget-container\">\n\t\t\t\t\t\t\t<div class=\"elementor-social-icons-wrapper elementor-grid\" role=\"list\">\n\t\t\t\t\t\t\t<span class=\"elementor-grid-item\" role=\"listitem\">\n\t\t\t\t\t<a class=\"elementor-icon elementor-social-icon elementor-social-icon-facebook-f elementor-animation-grow elementor-repeater-item-524490a\" href=\"https:\/\/de-de.facebook.com\/digifotolanzloth\/\" target=\"_blank\">\n\t\t\t\t\t\t<span class=\"elementor-screen-only\">Facebook-f<\/span>\n\t\t\t\t\t\t<i aria-hidden=\"true\" class=\"fab fa-facebook-f\"><\/i>\t\t\t\t\t<\/a>\n\t\t\t\t<\/span>\n\t\t\t\t\t\t\t<span class=\"elementor-grid-item\" role=\"listitem\">\n\t\t\t\t\t<a class=\"elementor-icon elementor-social-icon elementor-social-icon-twitter elementor-animation-grow elementor-repeater-item-5b82dc7\" href=\"https:\/\/twitter.com\/snuggel?lang=de\" target=\"_blank\">\n\t\t\t\t\t\t<span class=\"elementor-screen-only\">Twitter<\/span>\n\t\t\t\t\t\t<i aria-hidden=\"true\" class=\"fab fa-twitter\"><\/i>\t\t\t\t\t<\/a>\n\t\t\t\t<\/span>\n\t\t\t\t\t\t\t<span class=\"elementor-grid-item\" role=\"listitem\">\n\t\t\t\t\t<a class=\"elementor-icon elementor-social-icon elementor-social-icon-instagram elementor-animation-grow elementor-repeater-item-d9a9500\" href=\"https:\/\/www.instagram.com\/alexander.lanzloth\/\" target=\"_blank\">\n\t\t\t\t\t\t<span class=\"elementor-screen-only\">Instagram<\/span>\n\t\t\t\t\t\t<i aria-hidden=\"true\" class=\"fab fa-instagram\"><\/i>\t\t\t\t\t<\/a>\n\t\t\t\t<\/span>\n\t\t\t\t\t\t\t<span class=\"elementor-grid-item\" role=\"listitem\">\n\t\t\t\t\t<a class=\"elementor-icon elementor-social-icon elementor-social-icon-youtube elementor-animation-grow elementor-repeater-item-75dde21\" href=\"https:\/\/www.youtube.com\/channel\/UCe6_MmDwJ7RF4s8tlKYPZFA\" target=\"_blank\">\n\t\t\t\t\t\t<span class=\"elementor-screen-only\">Youtube<\/span>\n\t\t\t\t\t\t<i aria-hidden=\"true\" class=\"fab fa-youtube\"><\/i>\t\t\t\t\t<\/a>\n\t\t\t\t<\/span>\n\t\t\t\t\t<\/div>\n\t\t\t\t\t\t<\/div>\n\t\t\t\t<\/div>\n\t\t\t\t\t<\/div>\n\t\t<\/div>\n\t\t\t\t\t<\/div>\n\t\t<\/section>\n\t\t\t\t<section class=\"elementor-section elementor-top-section elementor-element elementor-element-b3f1633 elementor-section-boxed elementor-section-height-default elementor-section-height-default\" data-id=\"b3f1633\" data-element_type=\"section\">\n\t\t\t\t\t\t<div class=\"elementor-container elementor-column-gap-default\">\n\t\t\t\t\t<div class=\"elementor-column elementor-col-100 elementor-top-column elementor-element elementor-element-1ffbeb8\" data-id=\"1ffbeb8\" data-element_type=\"column\">\n\t\t\t<div class=\"elementor-widget-wrap elementor-element-populated\">\n\t\t\t\t\t\t<div class=\"elementor-element elementor-element-3f5b88c elementor-widget elementor-widget-heading\" data-id=\"3f5b88c\" data-element_type=\"widget\" data-widget_type=\"heading.default\">\n\t\t\t\t<div class=\"elementor-widget-container\">\n\t\t\t\t\t<h2 class=\"elementor-heading-title elementor-size-xl\">Letzte Beitr\u00e4ge<\/h2>\t\t\t\t<\/div>\n\t\t\t\t<\/div>\n\t\t\t\t\t<\/div>\n\t\t<\/div>\n\t\t\t\t\t<\/div>\n\t\t<\/section>\n\t\t\t\t<section class=\"elementor-section elementor-top-section elementor-element elementor-element-178ac68 animated-slow elementor-section-boxed elementor-section-height-default elementor-section-height-default elementor-invisible\" data-id=\"178ac68\" data-element_type=\"section\" data-settings=\"{&quot;animation&quot;:&quot;fadeInRight&quot;,&quot;animation_delay&quot;:500}\">\n\t\t\t\t\t\t<div class=\"elementor-container elementor-column-gap-default\">\n\t\t\t\t\t<div class=\"elementor-column elementor-col-100 elementor-top-column elementor-element elementor-element-cc61a6a\" data-id=\"cc61a6a\" data-element_type=\"column\">\n\t\t\t<div class=\"elementor-widget-wrap elementor-element-populated\">\n\t\t\t\t\t\t<div class=\"elementor-element elementor-element-62ef57b animated-slow elementor-invisible elementor-widget elementor-widget-eael-post-timeline\" data-id=\"62ef57b\" data-element_type=\"widget\" data-settings=\"{&quot;_animation&quot;:&quot;fadeInRight&quot;,&quot;_animation_delay&quot;:1500}\" data-widget_type=\"eael-post-timeline.default\">\n\t\t\t\t<div class=\"elementor-widget-container\">\n\t\t\t\t\t<div id=\"eael-post-timeline-62ef57b\" class=\"eael-post-timeline timeline-layout-default eael-post-timeline-arrow-\">\n            <div class=\"eael-post-timeline eael-post-appender eael-post-appender-62ef57b\"><article class=\"eael-timeline-post eael-timeline-column\">\n    <div class=\"eael-timeline-bullet\"><\/div>\n    <div class=\"eael-timeline-post-inner\">\n        <a class=\"eael-timeline-post-link\" href=\"http:\/\/www.lanzloth.de\/digifoto_lanzloth\/haus-des-geldes-making-of-shooting\/\" title=\"Haus des Geldes Making of Shooting\">\n            <time datetime=\"20. Juli 2021\">20. Juli 2021<\/time>\n            <div class=\"eael-timeline-post-image  attachment-medium size-medium\" style=\"background-image: url(http:\/\/www.lanzloth.de\/digifoto_lanzloth\/wp-content\/uploads\/2021\/07\/Cover-Yozube-300x169.jpg);\"><\/div><div class=\"eael-timeline-post-excerpt\"><p>https:\/\/www.youtube.com\/watch?v=5ZxaBDxvvGQ<\/p><\/div><div class=\"eael-timeline-post-title\">\n                    <h2 class=\"eael-timeline-post-title-text\">Haus des Geldes Making of Shooting<\/h2>\n                <\/div><\/a>\n    <\/div>\n<\/article><article class=\"eael-timeline-post eael-timeline-column\">\n    <div class=\"eael-timeline-bullet\"><\/div>\n    <div class=\"eael-timeline-post-inner\">\n        <a class=\"eael-timeline-post-link\" href=\"http:\/\/www.lanzloth.de\/digifoto_lanzloth\/paerchen-shooting-mit-ivett-gabriel\/\" title=\"P\u00e4rchen Shooting mit Ivett &#038; Gabriel\">\n            <time datetime=\"15. September 2019\">15. September 2019<\/time>\n            <div class=\"eael-timeline-post-image  attachment-medium size-medium\" style=\"background-image: url(http:\/\/www.lanzloth.de\/digifoto_lanzloth\/wp-content\/uploads\/2019\/09\/343_unbenannt_15.09.19_\u00a9AlexanderLanzloth_PS-300x169.jpg);\"><\/div><div class=\"eael-timeline-post-excerpt\"><p><\/p><\/div><div class=\"eael-timeline-post-title\">\n                    <h2 class=\"eael-timeline-post-title-text\">P\u00e4rchen Shooting mit Ivett &#038; Gabriel<\/h2>\n                <\/div><\/a>\n    <\/div>\n<\/article><article class=\"eael-timeline-post eael-timeline-column\">\n    <div class=\"eael-timeline-bullet\"><\/div>\n    <div class=\"eael-timeline-post-inner\">\n        <a class=\"eael-timeline-post-link\" href=\"http:\/\/www.lanzloth.de\/digifoto_lanzloth\/ergebnis-herbstshooting\/\" title=\"Ergebnis Herbstshooting\">\n            <time datetime=\"18. Oktober 2018\">18. Oktober 2018<\/time>\n            <div class=\"eael-timeline-post-image  attachment-medium size-medium\" style=\"background-image: url();\"><\/div><div class=\"eael-timeline-post-excerpt\"><p>https:\/\/www.youtube.com\/watch?v=qkvJhh7pzgA<\/p><\/div><div class=\"eael-timeline-post-title\">\n                    <h2 class=\"eael-timeline-post-title-text\">Ergebnis Herbstshooting<\/h2>\n                <\/div><\/a>\n    <\/div>\n<\/article><article class=\"eael-timeline-post eael-timeline-column\">\n    <div class=\"eael-timeline-bullet\"><\/div>\n    <div class=\"eael-timeline-post-inner\">\n        <a class=\"eael-timeline-post-link\" href=\"http:\/\/www.lanzloth.de\/digifoto_lanzloth\/herbstshooting-mit-jennifer\/\" title=\"Herbstshooting mit Jennifer\">\n            <time datetime=\"14. Oktober 2018\">14. Oktober 2018<\/time>\n            <div class=\"eael-timeline-post-image  attachment-medium size-medium\" style=\"background-image: url();\"><\/div><div class=\"eael-timeline-post-excerpt\"><p>https:\/\/www.youtube.com\/watch?v=jSGwut4JOSw<\/p><\/div><div class=\"eael-timeline-post-title\">\n                    <h2 class=\"eael-timeline-post-title-text\">Herbstshooting mit Jennifer<\/h2>\n                <\/div><\/a>\n    <\/div>\n<\/article><\/div>\n\t\t<\/div>            <div class=\"eael-load-more-button-wrap eael-force-hide\">\n                <button class=\"eael-load-more-button\" id=\"eael-load-more-btn-62ef57b\" data-widget-id=\"62ef57b\" data-widget=\"62ef57b\" data-page-id=\"844\" data-template=\"{&quot;dir&quot;:&quot;lite&quot;,&quot;file_name&quot;:&quot;default.php&quot;,&quot;name&quot;:&quot;Post-Timeline&quot;}\" data-class=\"Essential_Addons_Elementor\\Elements\\Post_Timeline\" data-layout=\"\" data-page=\"1\" data-args=\"orderby=date&amp;order=desc&amp;ignore_sticky_posts=1&amp;post_status=publish&amp;posts_per_page=4&amp;offset=0&amp;post_type=post\" data-max-page=\"19\">\n                    <span class=\"eael-btn-loader button__loader\"><\/span>\n                    <span class=\"eael_load_more_text\"><\/span>\n                <\/button>\n            <\/div>\n            \t\t\t\t<\/div>\n\t\t\t\t<\/div>\n\t\t\t\t\t<\/div>\n\t\t<\/div>\n\t\t\t\t\t<\/div>\n\t\t<\/section>\n\t\t\t\t<section class=\"elementor-section elementor-top-section elementor-element elementor-element-499bbf9 elementor-section-boxed elementor-section-height-default elementor-section-height-default\" data-id=\"499bbf9\" data-element_type=\"section\">\n\t\t\t\t\t\t<div class=\"elementor-container elementor-column-gap-default\">\n\t\t\t\t\t<div class=\"elementor-column elementor-col-100 elementor-top-column elementor-element elementor-element-118ddaa\" data-id=\"118ddaa\" data-element_type=\"column\">\n\t\t\t<div class=\"elementor-widget-wrap elementor-element-populated\">\n\t\t\t\t\t\t<div class=\"elementor-element elementor-element-212eec7 elementor-widget elementor-widget-heading\" data-id=\"212eec7\" data-element_type=\"widget\" data-widget_type=\"heading.default\">\n\t\t\t\t<div class=\"elementor-widget-container\">\n\t\t\t\t\t<h2 class=\"elementor-heading-title elementor-size-xl\">Letzte Videos<\/h2>\t\t\t\t<\/div>\n\t\t\t\t<\/div>\n\t\t\t\t\t<\/div>\n\t\t<\/div>\n\t\t\t\t\t<\/div>\n\t\t<\/section>\n\t\t\t\t<section class=\"elementor-section elementor-top-section elementor-element elementor-element-f0d12ab animated-slow elementor-section-boxed elementor-section-height-default elementor-section-height-default elementor-invisible\" data-id=\"f0d12ab\" data-element_type=\"section\" data-settings=\"{&quot;animation&quot;:&quot;fadeInLeft&quot;,&quot;animation_delay&quot;:500}\">\n\t\t\t\t\t\t<div class=\"elementor-container elementor-column-gap-default\">\n\t\t\t\t\t<div class=\"elementor-column elementor-col-33 elementor-top-column elementor-element elementor-element-8342b7a\" data-id=\"8342b7a\" data-element_type=\"column\">\n\t\t\t<div class=\"elementor-widget-wrap elementor-element-populated\">\n\t\t\t\t\t\t<div class=\"elementor-element elementor-element-6c660fa elementor-widget elementor-widget-video\" data-id=\"6c660fa\" data-element_type=\"widget\" data-settings=\"{&quot;youtube_url&quot;:&quot;https:\\\/\\\/www.youtube.com\\\/watch?v=5ZxaBDxvvGQ&quot;,&quot;video_type&quot;:&quot;youtube&quot;,&quot;controls&quot;:&quot;yes&quot;}\" data-widget_type=\"video.default\">\n\t\t\t\t<div class=\"elementor-widget-container\">\n\t\t\t\t\t\t\t<div class=\"elementor-wrapper elementor-open-inline\">\n\t\t\t<div class=\"elementor-video\"><\/div>\t\t<\/div>\n\t\t\t\t\t\t<\/div>\n\t\t\t\t<\/div>\n\t\t\t\t\t<\/div>\n\t\t<\/div>\n\t\t\t\t<div class=\"elementor-column elementor-col-33 elementor-top-column elementor-element elementor-element-1e59cf9\" data-id=\"1e59cf9\" data-element_type=\"column\">\n\t\t\t<div class=\"elementor-widget-wrap elementor-element-populated\">\n\t\t\t\t\t\t<div class=\"elementor-element elementor-element-00b1555 elementor-widget elementor-widget-video\" data-id=\"00b1555\" data-element_type=\"widget\" data-settings=\"{&quot;youtube_url&quot;:&quot;https:\\\/\\\/www.youtube.com\\\/watch?v=jSGwut4JOSw&quot;,&quot;video_type&quot;:&quot;youtube&quot;,&quot;controls&quot;:&quot;yes&quot;}\" data-widget_type=\"video.default\">\n\t\t\t\t<div class=\"elementor-widget-container\">\n\t\t\t\t\t\t\t<div class=\"elementor-wrapper elementor-open-inline\">\n\t\t\t<div class=\"elementor-video\"><\/div>\t\t<\/div>\n\t\t\t\t\t\t<\/div>\n\t\t\t\t<\/div>\n\t\t\t\t\t<\/div>\n\t\t<\/div>\n\t\t\t\t<div class=\"elementor-column elementor-col-33 elementor-top-column elementor-element elementor-element-91282f9\" data-id=\"91282f9\" data-element_type=\"column\">\n\t\t\t<div class=\"elementor-widget-wrap elementor-element-populated\">\n\t\t\t\t\t\t<div class=\"elementor-element elementor-element-8b8fef7 elementor-widget elementor-widget-video\" data-id=\"8b8fef7\" data-element_type=\"widget\" data-settings=\"{&quot;youtube_url&quot;:&quot;https:\\\/\\\/www.youtube.com\\\/watch?time_continue=5&amp;v=MLYejdd_JBM&quot;,&quot;video_type&quot;:&quot;youtube&quot;,&quot;controls&quot;:&quot;yes&quot;}\" data-widget_type=\"video.default\">\n\t\t\t\t<div class=\"elementor-widget-container\">\n\t\t\t\t\t\t\t<div class=\"elementor-wrapper elementor-open-inline\">\n\t\t\t<div class=\"elementor-video\"><\/div>\t\t<\/div>\n\t\t\t\t\t\t<\/div>\n\t\t\t\t<\/div>\n\t\t\t\t\t<\/div>\n\t\t<\/div>\n\t\t\t\t\t<\/div>\n\t\t<\/section>\n\t\t\t\t<section class=\"elementor-section elementor-top-section elementor-element elementor-element-e49752c elementor-section-boxed elementor-section-height-default elementor-section-height-default\" data-id=\"e49752c\" data-element_type=\"section\">\n\t\t\t\t\t\t<div class=\"elementor-container elementor-column-gap-default\">\n\t\t\t\t\t<div class=\"elementor-column elementor-col-100 elementor-top-column elementor-element elementor-element-68fa774\" data-id=\"68fa774\" data-element_type=\"column\">\n\t\t\t<div class=\"elementor-widget-wrap\">\n\t\t\t\t\t\t\t<\/div>\n\t\t<\/div>\n\t\t\t\t\t<\/div>\n\t\t<\/section>\n\t\t\t\t<\/div>\n\t\t","protected":false},"excerpt":{"rendered":"<p>Ich begann meine fotografische Reise mit einer Analogkamera von Pentax, die eigentlich meiner Mutter geh\u00f6rte. Da sie sich jedoch damit nicht auskannte, \u00fcbernahm ich die Verantwortung und machte meine ersten Schritte in der Fotografie. Mit einer Sony Cybershot machte ich meine ersten digitalen Aufnahmen und sammelte wertvolle Erfahrungen. Nach einer Pause investierte ich in eine [&hellip;]<\/p>\n","protected":false},"author":4,"featured_media":0,"parent":0,"menu_order":0,"comment_status":"closed","ping_status":"closed","template":"","meta":{"site-sidebar-layout":"default","site-content-layout":"default","ast-site-content-layout":"default","site-content-style":"default","site-sidebar-style":"default","ast-global-header-display":"","ast-banner-title-visibility":"","ast-main-header-display":"","ast-hfb-above-header-display":"","ast-hfb-below-header-display":"","ast-hfb-mobile-header-display":"","site-post-title":"","ast-breadcrumbs-content":"","ast-featured-img":"","footer-sml-layout":"","theme-transparent-header-meta":"default","adv-header-id-meta":"","stick-header-meta":"","header-above-stick-meta":"","header-main-stick-meta":"","header-below-stick-meta":"","astra-migrate-meta-layouts":"default","ast-page-background-enabled":"default","ast-page-background-meta":{"desktop":{"background-color":"","background-image":"","background-repeat":"repeat","background-position":"center center","background-size":"auto","background-attachment":"scroll","background-type":"","background-media":"","overlay-type":"","overlay-color":"","overlay-opacity":"","overlay-gradient":""},"tablet":{"background-color":"","background-image":"","background-repeat":"repeat","background-position":"center center","background-size":"auto","background-attachment":"scroll","background-type":"","background-media":"","overlay-type":"","overlay-color":"","overlay-opacity":"","overlay-gradient":""},"mobile":{"background-color":"","background-image":"","background-repeat":"repeat","background-position":"center center","background-size":"auto","background-attachment":"scroll","background-type":"","background-media":"","overlay-type":"","overlay-color":"","overlay-opacity":"","overlay-gradient":""}},"ast-content-background-meta":{"desktop":{"background-color":"var(--ast-global-color-5)","background-image":"","background-repeat":"repeat","background-position":"center center","background-size":"auto","background-attachment":"scroll","background-type":"","background-media":"","overlay-type":"","overlay-color":"","overlay-opacity":"","overlay-gradient":""},"tablet":{"background-color":"var(--ast-global-color-5)","background-image":"","background-repeat":"repeat","background-position":"center center","background-size":"auto","background-attachment":"scroll","background-type":"","background-media":"","overlay-type":"","overlay-color":"","overlay-opacity":"","overlay-gradient":""},"mobile":{"background-color":"var(--ast-global-color-5)","background-image":"","background-repeat":"repeat","background-position":"center center","background-size":"auto","background-attachment":"scroll","background-type":"","background-media":"","overlay-type":"","overlay-color":"","overlay-opacity":"","overlay-gradient":""}},"footnotes":""},"class_list":["post-844","page","type-page","status-publish","hentry"],"_links":{"self":[{"href":"http:\/\/www.lanzloth.de\/digifoto_lanzloth\/wp-json\/wp\/v2\/pages\/844","targetHints":{"allow":["GET"]}}],"collection":[{"href":"http:\/\/www.lanzloth.de\/digifoto_lanzloth\/wp-json\/wp\/v2\/pages"}],"about":[{"href":"http:\/\/www.lanzloth.de\/digifoto_lanzloth\/wp-json\/wp\/v2\/types\/page"}],"author":[{"embeddable":true,"href":"http:\/\/www.lanzloth.de\/digifoto_lanzloth\/wp-json\/wp\/v2\/users\/4"}],"replies":[{"embeddable":true,"href":"http:\/\/www.lanzloth.de\/digifoto_lanzloth\/wp-json\/wp\/v2\/comments?post=844"}],"version-history":[{"count":67,"href":"http:\/\/www.lanzloth.de\/digifoto_lanzloth\/wp-json\/wp\/v2\/pages\/844\/revisions"}],"predecessor-version":[{"id":1127,"href":"http:\/\/www.lanzloth.de\/digifoto_lanzloth\/wp-json\/wp\/v2\/pages\/844\/revisions\/1127"}],"wp:attachment":[{"href":"http:\/\/www.lanzloth.de\/digifoto_lanzloth\/wp-json\/wp\/v2\/media?parent=844"}],"curies":[{"name":"wp","href":"https:\/\/api.w.org\/{rel}","templated":true}]}}